{"id":27,"date":"2019-10-25T18:23:59","date_gmt":"2019-10-25T18:23:59","guid":{"rendered":"http:\/\/hotel-birkenhof-hameln.com\/?page_id=27"},"modified":"2019-10-25T20:34:57","modified_gmt":"2019-10-25T20:34:57","slug":"datenschutz","status":"publish","type":"page","link":"https:\/\/hotel-birkenhof-hameln.de\/?page_id=27","title":{"rendered":"Datenschutz"},"content":{"rendered":"\t\t<div data-elementor-type=\"wp-page\" data-elementor-id=\"27\" class=\"elementor elementor-27\">\n\t\t\t\t\t\t<section class=\"elementor-section elementor-top-section elementor-element elementor-element-471ec58 elementor-section-boxed elementor-section-height-default elementor-section-height-default\" data-id=\"471ec58\" data-element_type=\"section\" data-e-type=\"section\">\n\t\t\t\t\t\t<div class=\"elementor-container elementor-column-gap-default\">\n\t\t\t\t\t<div class=\"elementor-column elementor-col-100 elementor-top-column elementor-element elementor-element-6ff8014\" data-id=\"6ff8014\" data-element_type=\"column\" data-e-type=\"column\">\n\t\t\t<div class=\"elementor-widget-wrap elementor-element-populated\">\n\t\t\t\t\t\t<div class=\"elementor-element elementor-element-7f4526a elementor-widget elementor-widget-text-editor\" data-id=\"7f4526a\" data-element_type=\"widget\" data-e-type=\"widget\" data-widget_type=\"text-editor.default\">\n\t\t\t\t<div class=\"elementor-widget-container\">\n\t\t\t\t\t\t\t\t\t<p>Datenschutzerkl\u00e4rung von Hotel Birkenhof,<br \/>Hugenottenstrasse 1-1a , 31785 Hameln<\/p><p>Der Schutz Ihrer pers\u00f6nlichen Daten ist uns sehr wichtig. Wir wollen Sie daher nachstehend \u00fcber den Umgang mit eben Ihren Daten informieren, insbesondere \u00fcber die Art, den Umfang und den Zwecke der Erhebung und Verwendung Ihrer Daten.<br \/>Wir weisen aber auch darauf hin, dass die Daten\u00fcbertragung im Internet stets Sicherheitsl\u00fccken aufweisen kann. Ein l\u00fcckenloser Schutz Ihrer Daten vor dem Zugriff durch Dritte ist daher nicht m\u00f6glich.<br \/>Wir bem\u00fchen uns jedoch um den umfassenden Schutz und beachten dabei selbstverst\u00e4ndlich die geltenden gesetzlichen Regelungen des Bundesdatenschutzgesetzes (BDSG), des Telemediengesetzes (TMG) sowie weiterer Bestimmungen des Datenschutzrechts der Bundesrepublik Deutschland.<\/p><p>Datenerhebung und -verarbeitung<\/p><p>F\u00fcr die Nutzung unserer Internetseiten und Online-Angebotes ist es grunds\u00e4tzlich nicht erforderlich, dass Sie personenbezogene Daten angeben. Gespeichert werden insoweit lediglich Zugriffsdaten ohne Personenbezug (bspw. Datum und Uhrzeit des Zugriffs, URL der verweisenden Webseite, abgerufene Datei, Menge der gesendeten Daten, Browsertyp und -version, Betriebssystem sowie Ihre IP-Adresse). Diese Daten sind anonymisiert und erlauben keinen R\u00fcckschluss auf Ihre Person. Sie werden getrennt von anderen Daten, die Sie im Rahmen der Nutzung unseres Angebotes eingeben gespeichert und ausschlie\u00dflich zur Verbesserung unseres Angebotes und statistischen Zwecken ausgewertet. Im Anschluss erfolgt die L\u00f6schung dieser Daten.<br \/>Personenbezogene Daten (bspw. Name, Anschrift, Emailadresse) werden dagegen nur erhoben, wenn Sie mit uns ein Vertragsverh\u00e4ltnis begr\u00fcnden, inhaltlich ausgestalten oder \u00e4ndern und Sie uns diese freiwillig zu diesem Zwecke mitteilen, also etwa im Rahmen einer Warenbestellung in unserem Onlineshop.<\/p><p>Nutzung und Weitergabe personenbezogener Daten<\/p><p>Wenn Sie uns mit der Erbringung einer Dienstleistung oder der Zusendung von Ware beauftragen, werden Ihre pers\u00f6nlichen Daten ohne Ihre gesonderte Einwilligung nur insoweit verwendet, wie es f\u00fcr die Erbringung der Dienstleistung oder die Durchf\u00fchrung des Vertrages notwendig ist. Notwendig in diesem Sinne ist insbesondere die Weitergabe Ihrer Daten an Transportunternehmen, Kreditunternehmen oder andere zur Erbringung der Dienstleistung oder Vertragsabwicklung eingesetzte Dritte.<br \/>Mit vollst\u00e4ndiger Vertragsabwicklung werden die Daten f\u00fcr die weitere Verwendung gesperrt und nach Ablauf der steuer- und handelsrechtlichen Aufbewahrungsfristen gel\u00f6scht, sofern Sie nicht ausdr\u00fccklich in eine weitergehende Nutzung eingewilligt haben.<br \/>Ausgenommen hiervon ist die Weitergabe Ihrer Daten an Dritte nach entsprechender Anordnung einer hierzu berechtigten, zust\u00e4ndigen Stelle (bspw. Gericht). In einem solchen Einzelfall d\u00fcrfen wir Auskunft \u00fcber diese personenbezogene Bestandsdaten erteilen, soweit dies f\u00fcr Zwecke der Strafverfolgung, zur Gefahrenabwehr, zur Erf\u00fcllung der gesetzlichen Aufgaben der Verfassungsschutzbeh\u00f6rden oder des Milit\u00e4rischen Abschirmdienstes oder zur Durchsetzung der Rechte am geistigen Eigentum erforderlich ist.<br \/>Wenn Sie sich unter Angabe Ihrer E-Mailadresse f\u00fcr den Empfang unseres Newsletters angemeldet haben, wird dieser auch f\u00fcr eigene Werbezwecke genutzt, bis Sie sich vom Newsletter abmelden. Die Abmeldung ist jederzeit m\u00f6glich.<br \/>Sofern wir personenbezogene Nutzungsdaten von Ihnen erheben, also besondere Merkmale zu Ihrer Identifikation und Angaben zu Beginn und Ende sowie des Umfangs der Nutzung unseres Angebotes, d\u00fcrfen wir diese Daten nach Erstellung pseudonymisierter Nutzungsprofile f\u00fcr Zwecke der Werbung, der Marktforschung und zur bedarfsgerechten Gestaltung unseres Internetangebotes nutzen. Sie haben selbstverst\u00e4ndlich das Recht, dieser Verwendung Ihrer Daten zu widersprechen. Die pseudonymisierten Nutzungsprofile d\u00fcrfen wir nicht mit Daten \u00fcber den Tr\u00e4ger des Pseudonyms zusammenf\u00fchren.<\/p><p>Verwendung von Cookies<\/p><p>Um den Besuch unseres Internetseiten und -Angebotes attraktiv zu gestalten und den Funktionsumfang zu erweitern und die Nutzung f\u00fcr Sie komfortabler zu gestalten und Ihnen bestimmte Funktionen zu erm\u00f6glichen, verwenden wir auf einigen Seiten sogenannte \u201eCookies&#8220;. Dabei handelt es sich um kleine Textdateien, welche auf Ihrem Rechner abgelegt und gespeichert werden. Nach dem Ende der Browser-Sitzung werden die meisten der von uns verwendeten Cookies wieder von Ihrer Festplatte gel\u00f6scht, sogenannte Sitzungscookies. Die sogenannten dauerhaften Cookies verbleiben dagegen auf Ihrem Rechner und gestatten es uns so, Sie beim n\u00e4chsten Besuch unserer Webseite wiederzuerkennen. Es ist unseren Partnerunternehmen nicht gestattet, \u00fcber unsere Internetseite personenbezogene Daten mittels Cookies zu erheben, zu verarbeiten oder zu nutzen.<\/p><p>Sie haben jedoch die M\u00f6glichkeit das Abspeichern von Cookies auf Ihrem Rechner durch entsprechende Einstellungen in dem von Ihnen genutzten Internetbrowser (bspw. Internet Explorer, Mozilla Firefox, Opera oder Safari) zu verhindern. Dadurch k\u00f6nnte allerdings der Funktionsumfang unseres Angebotes eingeschr\u00e4nkt werden.<\/p><p>Auskunftsrecht \/ Ansprechpartner f\u00fcr Datenschutz<\/p><p>Als Nutzer unseres Internetangebotes haben Sie nat\u00fcrlich auch das Recht, von uns unentgeltlich Auskunft \u00fcber die zu Ihrer Person oder zu Ihrem Pseudonym gespeicherten Daten, sowie ggf. deren Berichtigung, Sperrung oder L\u00f6schung, zu verlangen.<br \/>Hierzu wende Sie bitte an unseren Ansprechpartner f\u00fcr Datenschutz Herrn Peter Lederer, Hugenottenstrasse 1-1a, 31785 Hameln Telefon 05151 956260<br \/>Er\/Sie steht Ihnen auch f\u00fcr Fragen zur Erhebung, Verarbeitung und Nutzung Ihrer personenbezogener Daten, sowie zum Widerruf erteilter Einwilligungen zur Verf\u00fcgung. Etwaig verlangte Ausk\u00fcnfte k\u00f6nnen auch elektronisch erteilt werden.<\/p><p>Datenschutzerkl\u00e4rung f\u00fcr die Nutzung von Facebook-Plugins (Like-Button)<\/p><p>Auf unseren Internetseiten sind Programme, sogenannte Plugins, des sozialen Netzwerks des Betreibers Facebook Inc., 1601 Willow Road, Menlo Park, California, 94025, USA (\u201eFacebook&#8220;) integriert. Die Facebook-Plugins erkennen Sie an dem Facebook-Logo oder dem Knorz B\u00fcrosysteme GmbH, Siegmund-Hiepe-Strasse 43, 35578 Wetzlar &#8222;Like-Button&#8220; (&#8222;Gef\u00e4llt mir&#8220;) auf unserer Seite. Eine \u00dcbersicht \u00fcber die Facebook-Plugins finden Sie hier:<br \/>\u00bb http:\/\/developers.facebook.com\/docs\/plugins\/<\/p><p>Wenn Sie unsere Internetseiten und-Angebote besuchen, wird \u00fcber das Plugin eine direkte Verbindung zwischen Ihrem Browser und dem Facebook-Server hergestellt. Facebook erh\u00e4lt dadurch die Information, dass Sie mit Ihrer IP-Adresse unsere Seite besucht haben. Wenn Sie den Facebook &#8222;Like-Button&#8220; anklicken, w\u00e4hrend Sie in Ihrem Facebook-Account eingeloggt sind, k\u00f6nnen Sie die Inhalte Internetseiten und -angebote auf Ihrem Facebook-Profil verlinken. Dadurch kann Facebook den Besuch unserer Internetseiten Ihrem Benutzerkonto zuordnen.<\/p><p>Wir weisen darauf hin, dass wir keine Kenntnis vom Inhalt der an Facebook \u00fcbermittelten Daten sowie deren Nutzung durch Facebook erhalten. Zweck und Umfang der Datenerhebung durch Facebook sowie die dortige weitere Verarbeitung und Nutzung Ihrer Daten, wie auch Ihre diesbez\u00fcglichen Rechte und Einstellungsm\u00f6glichkeiten zum Schutz Ihrer Privatsph\u00e4re entnehmen Sie bitte den Datenschutzhinweisen von Facebook unter<br \/>\u00bb http:\/\/de-de.facebook.com\/privacy\/explanation.php<\/p><p>Wenn Sie nicht w\u00fcnschen, dass Facebook den Besuch unserer Seiten Ihrem Facebook-Nutzerkonto zuordnen kann, logge Sie sich bitte zun\u00e4chst aus Ihrem Facebook-Benutzerkonto aus.<\/p><p>Datenschutzerkl\u00e4rung f\u00fcr die Nutzung von Google Analytics<\/p><p>Unsere Internetseite benutzt Google Analytics, einen Webanalysedienst der Google Inc., 1600 Amphitheatre Parkway, Mountain View, CA 94043, USA (&#8222;Google&#8220;). Google Analytics verwendet sogenannte &#8222;Cookies&#8220;, also Textdateien, die auf Ihrem Computer gespeichert werden und die eine Analyse der Benutzung der Internetseite durch Sie erm\u00f6glichen. Die durch den Cookie erzeugten Informationen \u00fcber Ihre Benutzung der Internetseite (einschlie\u00dflich Ihrer IP-Adresse) werden in der Regel an einen Server von Google in den USA \u00fcbertragen und dort gespeichert. Wir weisen darauf hin, dass, um eine direkte Personenbeziehbarkeit auszuschlie\u00dfen, auf dieser Internetseite IP-Adressen nur gek\u00fcrzt weiterverarbeitet werden, da wir Google Analytics mit der Erweiterung \u201e_anonymizeIp()&#8220; verwenden. Dabei wird Ihre IP-Adresse von Google innerhalb von Mitgliedstaaten der Europ\u00e4ischen Union oder in anderen Vertragsstaaten des Abkommens \u00fcber den Europ\u00e4ischen Wirtschaftsraum zuvor gek\u00fcrzt.<\/p><p>Nur in Ausnahmef\u00e4llen wird die volle IP-Adresse an einen Server von Google in den USA \u00fcbertragen und dort gek\u00fcrzt. Im Auftrag des Betreibers dieser Internetseite, also uns, wird Google diese Informationen benutzen, um Ihre Nutzung der Internetseite auszuwerten, um Reports \u00fcber die Websiteaktivit\u00e4ten zusammenzustellen und um weitere mit der Websitenutzung und der Internetnutzung verbundene Dienstleistungen gegen\u00fcber dem Internetseitenbetreiber, also uns, zu erbringen. Auch wird Google diese Informationen gegebenenfalls an Dritte \u00fcbertragen, sofern dies gesetzlich vorgeschrieben oder soweit Dritte diese Daten im Auftrag von Google verarbeiten. Die im Rahmen von Google Analytics von Ihrem Browser \u00fcbermittelte IP-Adresse wird nicht mit anderen Daten von Google zusammengef\u00fchrt.<\/p><p>Sie k\u00f6nnen die Speicherung der Cookies durch eine entsprechende Einstellung Ihrer Browsersoftware (bspw. Internet Explorer, Mozilla Firefox, Safari, Opera) verhindern; wir weisen Sie jedoch darauf hin, dass Sie in diesem Fall gegebenenfalls nicht s\u00e4mtliche Funktionen dieser Internetseite vollumf\u00e4nglich werden nutzen k\u00f6nnen. Sie k\u00f6nnen dar\u00fcber hinaus die Erfassung der durch das Cookie erzeugten und auf Ihre Nutzung der Internetseite bezogenen Daten (inkl. Ihrer IP-Adresse) sowie die Verarbeitung dieser Daten durch Google verhindern, indem Sie der Erhebung und Speicherung Ihrer Daten jederzeit mit Wirkung f\u00fcr die Zukunft gegen\u00fcber Google widersprechen oder unter folgenden Link verf\u00fcgbare Browser-Plugin herunterladen und installieren:<br \/>\u00bb http:\/\/tools.google.com\/dlpage\/gaoptout?hl=de<\/p>\t\t\t\t\t\t\t\t<\/div>\n\t\t\t\t<\/div>\n\t\t\t\t\t<\/div>\n\t\t<\/div>\n\t\t\t\t\t<\/div>\n\t\t<\/section>\n\t\t\t\t<\/div>\n\t\t","protected":false},"excerpt":{"rendered":"<p>Datenschutzerkl\u00e4rung von Hotel Birkenhof,Hugenottenstrasse 1-1a , 31785 Hameln Der Schutz Ihrer pers\u00f6nlichen Daten ist uns sehr wichtig. Wir wollen Sie daher nachstehend \u00fcber den Umgang mit eben Ihren Daten informieren, insbesondere \u00fcber die Art, den Umfang und den Zwecke der Erhebung und Verwendung Ihrer Daten.Wir weisen aber auch darauf hin, dass die Daten\u00fcbertragung im Internet [&hellip;]<\/p>\n","protected":false},"author":3,"featured_media":0,"parent":0,"menu_order":0,"comment_status":"closed","ping_status":"closed","template":"","meta":{"_monsterinsights_skip_tracking":false,"_monsterinsights_sitenote_active":false,"_monsterinsights_sitenote_note":"","_monsterinsights_sitenote_category":0,"ocean_post_layout":"full-screen","ocean_both_sidebars_style":"","ocean_both_sidebars_content_width":0,"ocean_both_sidebars_sidebars_width":0,"ocean_sidebar":"0","ocean_second_sidebar":"0","ocean_disable_margins":"enable","ocean_add_body_class":"","ocean_shortcode_before_top_bar":"","ocean_shortcode_after_top_bar":"","ocean_shortcode_before_header":"","ocean_shortcode_after_header":"","ocean_has_shortcode":"","ocean_shortcode_after_title":"","ocean_shortcode_before_footer_widgets":"","ocean_shortcode_after_footer_widgets":"","ocean_shortcode_before_footer_bottom":"","ocean_shortcode_after_footer_bottom":"","ocean_display_top_bar":"on","ocean_display_header":"off","ocean_header_style":"","ocean_center_header_left_menu":"0","ocean_custom_header_template":"0","ocean_custom_logo":0,"ocean_custom_retina_logo":0,"ocean_custom_logo_max_width":0,"ocean_custom_logo_tablet_max_width":0,"ocean_custom_logo_mobile_max_width":0,"ocean_custom_logo_max_height":0,"ocean_custom_logo_tablet_max_height":0,"ocean_custom_logo_mobile_max_height":0,"ocean_header_custom_menu":"0","ocean_menu_typo_font_family":"0","ocean_menu_typo_font_subset":"","ocean_menu_typo_font_size":0,"ocean_menu_typo_font_size_tablet":0,"ocean_menu_typo_font_size_mobile":0,"ocean_menu_typo_font_size_unit":"px","ocean_menu_typo_font_weight":"","ocean_menu_typo_font_weight_tablet":"","ocean_menu_typo_font_weight_mobile":"","ocean_menu_typo_transform":"","ocean_menu_typo_transform_tablet":"","ocean_menu_typo_transform_mobile":"","ocean_menu_typo_line_height":0,"ocean_menu_typo_line_height_tablet":0,"ocean_menu_typo_line_height_mobile":0,"ocean_menu_typo_line_height_unit":"","ocean_menu_typo_spacing":0,"ocean_menu_typo_spacing_tablet":0,"ocean_menu_typo_spacing_mobile":0,"ocean_menu_typo_spacing_unit":"","ocean_menu_link_color":"","ocean_menu_link_color_hover":"","ocean_menu_link_color_active":"","ocean_menu_link_background":"","ocean_menu_link_hover_background":"","ocean_menu_link_active_background":"","ocean_menu_social_links_bg":"","ocean_menu_social_hover_links_bg":"","ocean_menu_social_links_color":"","ocean_menu_social_hover_links_color":"","ocean_disable_title":"on","ocean_disable_heading":"default","ocean_post_title":"","ocean_post_subheading":"","ocean_post_title_style":"","ocean_post_title_background_color":"","ocean_post_title_background":0,"ocean_post_title_bg_image_position":"","ocean_post_title_bg_image_attachment":"","ocean_post_title_bg_image_repeat":"","ocean_post_title_bg_image_size":"","ocean_post_title_height":0,"ocean_post_title_bg_overlay":0.5,"ocean_post_title_bg_overlay_color":"","ocean_disable_breadcrumbs":"default","ocean_breadcrumbs_color":"","ocean_breadcrumbs_separator_color":"","ocean_breadcrumbs_links_color":"","ocean_breadcrumbs_links_hover_color":"","ocean_display_footer_widgets":"off","ocean_display_footer_bottom":"off","ocean_custom_footer_template":"0","footnotes":""},"class_list":["post-27","page","type-page","status-publish","hentry","entry"],"_links":{"self":[{"href":"https:\/\/hotel-birkenhof-hameln.de\/index.php?rest_route=\/wp\/v2\/pages\/27","targetHints":{"allow":["GET"]}}],"collection":[{"href":"https:\/\/hotel-birkenhof-hameln.de\/index.php?rest_route=\/wp\/v2\/pages"}],"about":[{"href":"https:\/\/hotel-birkenhof-hameln.de\/index.php?rest_route=\/wp\/v2\/types\/page"}],"author":[{"embeddable":true,"href":"https:\/\/hotel-birkenhof-hameln.de\/index.php?rest_route=\/wp\/v2\/users\/3"}],"replies":[{"embeddable":true,"href":"https:\/\/hotel-birkenhof-hameln.de\/index.php?rest_route=%2Fwp%2Fv2%2Fcomments&post=27"}],"version-history":[{"count":2,"href":"https:\/\/hotel-birkenhof-hameln.de\/index.php?rest_route=\/wp\/v2\/pages\/27\/revisions"}],"predecessor-version":[{"id":117,"href":"https:\/\/hotel-birkenhof-hameln.de\/index.php?rest_route=\/wp\/v2\/pages\/27\/revisions\/117"}],"wp:attachment":[{"href":"https:\/\/hotel-birkenhof-hameln.de\/index.php?rest_route=%2Fwp%2Fv2%2Fmedia&parent=27"}],"curies":[{"name":"wp","href":"https:\/\/api.w.org\/{rel}","templated":true}]}}