{"id":17,"date":"2019-10-25T18:22:02","date_gmt":"2019-10-25T18:22:02","guid":{"rendered":"http:\/\/hotel-birkenhof-hameln.com\/?page_id=17"},"modified":"2025-07-05T13:26:21","modified_gmt":"2025-07-05T13:26:21","slug":"preise","status":"publish","type":"page","link":"https:\/\/hotel-birkenhof-hameln.de\/?page_id=17","title":{"rendered":"Preise"},"content":{"rendered":"\t\t<div data-elementor-type=\"wp-page\" data-elementor-id=\"17\" class=\"elementor elementor-17\">\n\t\t\t\t\t\t<section class=\"elementor-section elementor-top-section elementor-element elementor-element-9f690da elementor-section-boxed elementor-section-height-default elementor-section-height-default\" data-id=\"9f690da\" data-element_type=\"section\" data-e-type=\"section\">\n\t\t\t\t\t\t<div class=\"elementor-container elementor-column-gap-default\">\n\t\t\t\t\t<div class=\"elementor-column elementor-col-100 elementor-top-column elementor-element elementor-element-122b33c\" data-id=\"122b33c\" data-element_type=\"column\" data-e-type=\"column\">\n\t\t\t<div class=\"elementor-widget-wrap elementor-element-populated\">\n\t\t\t\t\t\t<div class=\"elementor-element elementor-element-ef598a0 elementor-widget elementor-widget-text-editor\" data-id=\"ef598a0\" data-element_type=\"widget\" data-e-type=\"widget\" data-widget_type=\"text-editor.default\">\n\t\t\t\t<div class=\"elementor-widget-container\">\n\t\t\t\t\t\t\t\t\t<p style=\"text-align: center;\">Preise<\/p>\t\t\t\t\t\t\t\t<\/div>\n\t\t\t\t<\/div>\n\t\t\t\t\t<\/div>\n\t\t<\/div>\n\t\t\t\t\t<\/div>\n\t\t<\/section>\n\t\t\t\t<section class=\"elementor-section elementor-top-section elementor-element elementor-element-6558984 elementor-section-boxed elementor-section-height-default elementor-section-height-default\" data-id=\"6558984\" data-element_type=\"section\" data-e-type=\"section\">\n\t\t\t\t\t\t<div class=\"elementor-container elementor-column-gap-default\">\n\t\t\t\t\t<div class=\"elementor-column elementor-col-100 elementor-top-column elementor-element elementor-element-92f1ec5\" data-id=\"92f1ec5\" data-element_type=\"column\" data-e-type=\"column\">\n\t\t\t<div class=\"elementor-widget-wrap elementor-element-populated\">\n\t\t\t\t\t\t<div class=\"elementor-element elementor-element-6ed9613 elementor-widget elementor-widget-text-editor\" data-id=\"6ed9613\" data-element_type=\"widget\" data-e-type=\"widget\" data-widget_type=\"text-editor.default\">\n\t\t\t\t<div class=\"elementor-widget-container\">\n\t\t\t\t\t\t\t\t\t<p><strong><span style=\"color: #000000;\">Einzelzimmer&nbsp; &nbsp;ab&nbsp; 69<\/span><\/strong><strong><span style=\"color: #000000;\">,00&nbsp; \u20ac inkl. Fr\u00fchst\u00fcck<\/span><\/strong><strong><span style=\"color: #000000;\">&nbsp; &nbsp;+ 4% Bettensteuer von \u00dcbernachtung Brutto.<\/span><\/strong><\/p>\n<p><strong><span style=\"color: #000000;\">Doppelzimmer ab&nbsp; 99<\/span><\/strong><strong><span style=\"color: #000000;\">,00&nbsp; \u20ac&nbsp; inkl. Fr\u00fchst\u00fcck&nbsp; + 4% Bettensteuer von \u00dcbernachtung Brutto.&nbsp; &nbsp; &nbsp;<\/span><\/strong><\/p>\t\t\t\t\t\t\t\t<\/div>\n\t\t\t\t<\/div>\n\t\t\t\t<div class=\"elementor-element elementor-element-e1e20cf elementor-widget elementor-widget-text-editor\" data-id=\"e1e20cf\" data-element_type=\"widget\" data-e-type=\"widget\" data-widget_type=\"text-editor.default\">\n\t\t\t\t<div class=\"elementor-widget-container\">\n\t\t\t\t\t\t\t\t\t<p><span style=\"font-size: 1.4rem; color: #000000;\">Alle Preise verstehen sich pro Zimmer und pro Nacht inkl. reichhaltigem Fr\u00fchst\u00fccksbuffet.<\/span><\/p><p><span style=\"color: #000000;\">Preise zu den Messezeiten bitte auf Anfrage.<\/span><\/p><p><span style=\"color: #000000;\">Alle Zimmer sind eingerichtet mit Dusche\/WC, F\u00f6n, Kabel-TV, Telefon, Minibar,<\/span><br \/><span style=\"color: #000000;\">und teilwese mit Fax und Schreibtisch.<\/span><\/p><p><span style=\"color: #000000;\">F\u00fcr weitere Informationen oder eine Reservierungsanfrage setzen Sie sich bitte mit uns in Verbindung!<\/span><\/p>\t\t\t\t\t\t\t\t<\/div>\n\t\t\t\t<\/div>\n\t\t\t\t\t<\/div>\n\t\t<\/div>\n\t\t\t\t\t<\/div>\n\t\t<\/section>\n\t\t\t\t<section class=\"elementor-section elementor-top-section elementor-element elementor-element-52ea8c8 elementor-section-boxed elementor-section-height-default elementor-section-height-default\" data-id=\"52ea8c8\" data-element_type=\"section\" data-e-type=\"section\">\n\t\t\t\t\t\t<div class=\"elementor-container elementor-column-gap-default\">\n\t\t\t\t\t<div class=\"elementor-column elementor-col-100 elementor-top-column elementor-element elementor-element-1d26e66\" data-id=\"1d26e66\" data-element_type=\"column\" data-e-type=\"column\">\n\t\t\t<div class=\"elementor-widget-wrap elementor-element-populated\">\n\t\t\t\t\t\t<div class=\"elementor-element elementor-element-33f596f elementor-widget elementor-widget-text-editor\" data-id=\"33f596f\" data-element_type=\"widget\" data-e-type=\"widget\" data-widget_type=\"text-editor.default\">\n\t\t\t\t<div class=\"elementor-widget-container\">\n\t\t\t\t\t\t\t\t\t<p><span style=\"font-size: 1.4rem; color: #000000;\">Alle Preise verstehen sich pro Zimmer und pro Nacht inkl. reichhaltigem Fr\u00fchst\u00fccksbuffet.<\/span><\/p><p><span style=\"color: #000000;\">Preise zu den Messezeiten bitte auf Anfrage.<\/span><\/p><p><span style=\"color: #000000;\">Alle Zimmer sind eingerichtet mit Dusche\/WC, F\u00f6n, Kabel-TV, Telefon, Minibar,<\/span><br \/><span style=\"color: #000000;\">und teilwese mit Fax und Schreibtisch.<\/span><\/p><p><span style=\"color: #000000;\">F\u00fcr weitere Informationen oder eine Reservierungsanfrage setzen Sie sich bitte mit uns in Verbindung!<\/span><\/p>\t\t\t\t\t\t\t\t<\/div>\n\t\t\t\t<\/div>\n\t\t\t\t\t<\/div>\n\t\t<\/div>\n\t\t\t\t\t<\/div>\n\t\t<\/section>\n\t\t\t\t<section class=\"elementor-section elementor-top-section elementor-element elementor-element-d645115 elementor-section-boxed elementor-section-height-default elementor-section-height-default\" data-id=\"d645115\" data-element_type=\"section\" data-e-type=\"section\">\n\t\t\t\t\t\t<div class=\"elementor-container elementor-column-gap-default\">\n\t\t\t\t\t<div class=\"elementor-column elementor-col-100 elementor-top-column elementor-element elementor-element-4c40eb1\" data-id=\"4c40eb1\" data-element_type=\"column\" data-e-type=\"column\">\n\t\t\t<div class=\"elementor-widget-wrap elementor-element-populated\">\n\t\t\t\t\t\t<div class=\"elementor-element elementor-element-565580c elementor-widget elementor-widget-image\" data-id=\"565580c\" data-element_type=\"widget\" data-e-type=\"widget\" data-widget_type=\"image.default\">\n\t\t\t\t<div class=\"elementor-widget-container\">\n\t\t\t\t\t\t\t\t\t\t\t\t\t\t\t<img fetchpriority=\"high\" decoding=\"async\" width=\"1024\" height=\"768\" src=\"https:\/\/hotel-birkenhof-hameln.de\/wp-content\/uploads\/2019\/10\/Hotel-Birkenhof-084-1024x768.jpg\" class=\"attachment-large size-large wp-image-235\" alt=\"\" srcset=\"https:\/\/hotel-birkenhof-hameln.de\/wp-content\/uploads\/2019\/10\/Hotel-Birkenhof-084-1024x768.jpg 1024w, https:\/\/hotel-birkenhof-hameln.de\/wp-content\/uploads\/2019\/10\/Hotel-Birkenhof-084-300x225.jpg 300w, https:\/\/hotel-birkenhof-hameln.de\/wp-content\/uploads\/2019\/10\/Hotel-Birkenhof-084-768x576.jpg 768w\" sizes=\"(max-width: 1024px) 100vw, 1024px\" \/>\t\t\t\t\t\t\t\t\t\t\t\t\t\t\t<\/div>\n\t\t\t\t<\/div>\n\t\t\t\t<div class=\"elementor-element elementor-element-40f9231 elementor-widget elementor-widget-image\" data-id=\"40f9231\" data-element_type=\"widget\" data-e-type=\"widget\" data-widget_type=\"image.default\">\n\t\t\t\t<div class=\"elementor-widget-container\">\n\t\t\t\t\t\t\t\t\t\t\t\t\t\t\t<img decoding=\"async\" width=\"1024\" height=\"768\" src=\"https:\/\/hotel-birkenhof-hameln.de\/wp-content\/uploads\/2019\/10\/Hotel-Birkenhof-038-1024x768.jpg\" class=\"attachment-large size-large wp-image-45\" alt=\"\" srcset=\"https:\/\/hotel-birkenhof-hameln.de\/wp-content\/uploads\/2019\/10\/Hotel-Birkenhof-038-1024x768.jpg 1024w, https:\/\/hotel-birkenhof-hameln.de\/wp-content\/uploads\/2019\/10\/Hotel-Birkenhof-038-300x225.jpg 300w, https:\/\/hotel-birkenhof-hameln.de\/wp-content\/uploads\/2019\/10\/Hotel-Birkenhof-038-768x576.jpg 768w\" sizes=\"(max-width: 1024px) 100vw, 1024px\" \/>\t\t\t\t\t\t\t\t\t\t\t\t\t\t\t<\/div>\n\t\t\t\t<\/div>\n\t\t\t\t\t<\/div>\n\t\t<\/div>\n\t\t\t\t\t<\/div>\n\t\t<\/section>\n\t\t\t\t<section class=\"elementor-section elementor-top-section elementor-element elementor-element-ab99ace elementor-section-boxed elementor-section-height-default elementor-section-height-default\" data-id=\"ab99ace\" data-element_type=\"section\" data-e-type=\"section\">\n\t\t\t\t\t\t<div class=\"elementor-container elementor-column-gap-default\">\n\t\t\t\t\t<div class=\"elementor-column elementor-col-100 elementor-top-column elementor-element elementor-element-c1efc1c\" data-id=\"c1efc1c\" data-element_type=\"column\" data-e-type=\"column\">\n\t\t\t<div class=\"elementor-widget-wrap elementor-element-populated\">\n\t\t\t\t\t\t<div class=\"elementor-element elementor-element-a838e6b elementor-widget elementor-widget-image\" data-id=\"a838e6b\" data-element_type=\"widget\" data-e-type=\"widget\" data-widget_type=\"image.default\">\n\t\t\t\t<div class=\"elementor-widget-container\">\n\t\t\t\t\t\t\t\t\t\t\t\t\t\t\t<img decoding=\"async\" width=\"1024\" height=\"768\" src=\"https:\/\/hotel-birkenhof-hameln.de\/wp-content\/uploads\/2019\/10\/Hotel-Birkenhof-047-1024x768.jpg\" class=\"attachment-large size-large wp-image-47\" alt=\"\" srcset=\"https:\/\/hotel-birkenhof-hameln.de\/wp-content\/uploads\/2019\/10\/Hotel-Birkenhof-047-1024x768.jpg 1024w, https:\/\/hotel-birkenhof-hameln.de\/wp-content\/uploads\/2019\/10\/Hotel-Birkenhof-047-300x225.jpg 300w, https:\/\/hotel-birkenhof-hameln.de\/wp-content\/uploads\/2019\/10\/Hotel-Birkenhof-047-768x576.jpg 768w\" sizes=\"(max-width: 1024px) 100vw, 1024px\" \/>\t\t\t\t\t\t\t\t\t\t\t\t\t\t\t<\/div>\n\t\t\t\t<\/div>\n\t\t\t\t\t<\/div>\n\t\t<\/div>\n\t\t\t\t\t<\/div>\n\t\t<\/section>\n\t\t\t\t<section class=\"elementor-section elementor-top-section elementor-element elementor-element-cc80e95 elementor-section-boxed elementor-section-height-default elementor-section-height-default\" data-id=\"cc80e95\" data-element_type=\"section\" data-e-type=\"section\">\n\t\t\t\t\t\t<div class=\"elementor-container elementor-column-gap-default\">\n\t\t\t\t\t<div class=\"elementor-column elementor-col-100 elementor-top-column elementor-element elementor-element-09fc50c\" data-id=\"09fc50c\" data-element_type=\"column\" data-e-type=\"column\">\n\t\t\t<div class=\"elementor-widget-wrap elementor-element-populated\">\n\t\t\t\t\t\t<div class=\"elementor-element elementor-element-ebd8e2d elementor-widget elementor-widget-image\" data-id=\"ebd8e2d\" data-element_type=\"widget\" data-e-type=\"widget\" data-widget_type=\"image.default\">\n\t\t\t\t<div class=\"elementor-widget-container\">\n\t\t\t\t\t\t\t\t\t\t\t\t\t\t\t<img loading=\"lazy\" decoding=\"async\" width=\"1024\" height=\"768\" src=\"https:\/\/hotel-birkenhof-hameln.de\/wp-content\/uploads\/2019\/11\/IMG_9260photo-1024x768.jpg\" class=\"attachment-large size-large wp-image-817\" alt=\"\" srcset=\"https:\/\/hotel-birkenhof-hameln.de\/wp-content\/uploads\/2019\/11\/IMG_9260photo-1024x768.jpg 1024w, https:\/\/hotel-birkenhof-hameln.de\/wp-content\/uploads\/2019\/11\/IMG_9260photo-300x225.jpg 300w, https:\/\/hotel-birkenhof-hameln.de\/wp-content\/uploads\/2019\/11\/IMG_9260photo-768x576.jpg 768w, https:\/\/hotel-birkenhof-hameln.de\/wp-content\/uploads\/2019\/11\/IMG_9260photo-24x18.jpg 24w, https:\/\/hotel-birkenhof-hameln.de\/wp-content\/uploads\/2019\/11\/IMG_9260photo-36x27.jpg 36w, https:\/\/hotel-birkenhof-hameln.de\/wp-content\/uploads\/2019\/11\/IMG_9260photo-48x36.jpg 48w\" sizes=\"(max-width: 1024px) 100vw, 1024px\" \/>\t\t\t\t\t\t\t\t\t\t\t\t\t\t\t<\/div>\n\t\t\t\t<\/div>\n\t\t\t\t\t<\/div>\n\t\t<\/div>\n\t\t\t\t\t<\/div>\n\t\t<\/section>\n\t\t\t\t<section class=\"elementor-section elementor-top-section elementor-element elementor-element-01acc0e elementor-section-boxed elementor-section-height-default elementor-section-height-default\" data-id=\"01acc0e\" data-element_type=\"section\" data-e-type=\"section\">\n\t\t\t\t\t\t<div class=\"elementor-container elementor-column-gap-default\">\n\t\t\t\t\t<div class=\"elementor-column elementor-col-100 elementor-top-column elementor-element elementor-element-7da18a1\" data-id=\"7da18a1\" data-element_type=\"column\" data-e-type=\"column\">\n\t\t\t<div class=\"elementor-widget-wrap elementor-element-populated\">\n\t\t\t\t\t\t\t<\/div>\n\t\t<\/div>\n\t\t\t\t\t<\/div>\n\t\t<\/section>\n\t\t\t\t<section class=\"elementor-section elementor-top-section elementor-element elementor-element-c1b608e elementor-section-boxed elementor-section-height-default elementor-section-height-default\" data-id=\"c1b608e\" data-element_type=\"section\" data-e-type=\"section\">\n\t\t\t\t\t\t<div class=\"elementor-container elementor-column-gap-default\">\n\t\t\t\t\t<div class=\"elementor-column elementor-col-100 elementor-top-column elementor-element elementor-element-21f7675\" data-id=\"21f7675\" data-element_type=\"column\" data-e-type=\"column\">\n\t\t\t<div class=\"elementor-widget-wrap elementor-element-populated\">\n\t\t\t\t\t\t<div class=\"elementor-element elementor-element-acc8c37 elementor-widget elementor-widget-image\" data-id=\"acc8c37\" data-element_type=\"widget\" data-e-type=\"widget\" data-widget_type=\"image.default\">\n\t\t\t\t<div class=\"elementor-widget-container\">\n\t\t\t\t\t\t\t\t\t\t\t\t\t\t\t<img loading=\"lazy\" decoding=\"async\" width=\"1024\" height=\"768\" src=\"https:\/\/hotel-birkenhof-hameln.de\/wp-content\/uploads\/2019\/10\/Hotel-Birkenhof-050-1024x768.jpg\" class=\"attachment-large size-large wp-image-50\" alt=\"\" srcset=\"https:\/\/hotel-birkenhof-hameln.de\/wp-content\/uploads\/2019\/10\/Hotel-Birkenhof-050-1024x768.jpg 1024w, https:\/\/hotel-birkenhof-hameln.de\/wp-content\/uploads\/2019\/10\/Hotel-Birkenhof-050-300x225.jpg 300w, https:\/\/hotel-birkenhof-hameln.de\/wp-content\/uploads\/2019\/10\/Hotel-Birkenhof-050-768x576.jpg 768w\" sizes=\"(max-width: 1024px) 100vw, 1024px\" \/>\t\t\t\t\t\t\t\t\t\t\t\t\t\t\t<\/div>\n\t\t\t\t<\/div>\n\t\t\t\t\t<\/div>\n\t\t<\/div>\n\t\t\t\t\t<\/div>\n\t\t<\/section>\n\t\t\t\t<section class=\"elementor-section elementor-top-section elementor-element elementor-element-b7cd987 elementor-section-boxed elementor-section-height-default elementor-section-height-default\" data-id=\"b7cd987\" data-element_type=\"section\" data-e-type=\"section\">\n\t\t\t\t\t\t<div class=\"elementor-container elementor-column-gap-default\">\n\t\t\t\t\t<div class=\"elementor-column elementor-col-100 elementor-top-column elementor-element elementor-element-b654dca\" data-id=\"b654dca\" data-element_type=\"column\" data-e-type=\"column\">\n\t\t\t<div class=\"elementor-widget-wrap\">\n\t\t\t\t\t\t\t<\/div>\n\t\t<\/div>\n\t\t\t\t\t<\/div>\n\t\t<\/section>\n\t\t\t\t<\/div>\n\t\t","protected":false},"excerpt":{"rendered":"<p>Preise Einzelzimmer&nbsp; &nbsp;ab&nbsp; 69,00&nbsp; \u20ac inkl. Fr\u00fchst\u00fcck&nbsp; &nbsp;+ 4% Bettensteuer von \u00dcbernachtung Brutto. Doppelzimmer ab&nbsp; 99,00&nbsp; \u20ac&nbsp; inkl. Fr\u00fchst\u00fcck&nbsp; + 4% Bettensteuer von \u00dcbernachtung Brutto.&nbsp; &nbsp; &nbsp; Alle Preise verstehen sich pro Zimmer und pro Nacht inkl. reichhaltigem Fr\u00fchst\u00fccksbuffet. Preise zu den Messezeiten bitte auf Anfrage. Alle Zimmer sind eingerichtet mit Dusche\/WC, F\u00f6n, Kabel-TV, Telefon, [&hellip;]<\/p>\n","protected":false},"author":4,"featured_media":0,"parent":0,"menu_order":0,"comment_status":"closed","ping_status":"closed","template":"","meta":{"_monsterinsights_skip_tracking":false,"_monsterinsights_sitenote_active":false,"_monsterinsights_sitenote_note":"","_monsterinsights_sitenote_category":0,"ocean_post_layout":"full-screen","ocean_both_sidebars_style":"","ocean_both_sidebars_content_width":0,"ocean_both_sidebars_sidebars_width":0,"ocean_sidebar":"0","ocean_second_sidebar":"0","ocean_disable_margins":"enable","ocean_add_body_class":"","ocean_shortcode_before_top_bar":"","ocean_shortcode_after_top_bar":"","ocean_shortcode_before_header":"","ocean_shortcode_after_header":"","ocean_has_shortcode":"","ocean_shortcode_after_title":"","ocean_shortcode_before_footer_widgets":"","ocean_shortcode_after_footer_widgets":"","ocean_shortcode_before_footer_bottom":"","ocean_shortcode_after_footer_bottom":"","ocean_display_top_bar":"on","ocean_display_header":"off","ocean_header_style":"","ocean_center_header_left_menu":"0","ocean_custom_header_template":"0","ocean_custom_logo":0,"ocean_custom_retina_logo":0,"ocean_custom_logo_max_width":0,"ocean_custom_logo_tablet_max_width":0,"ocean_custom_logo_mobile_max_width":0,"ocean_custom_logo_max_height":0,"ocean_custom_logo_tablet_max_height":0,"ocean_custom_logo_mobile_max_height":0,"ocean_header_custom_menu":"0","ocean_menu_typo_font_family":"0","ocean_menu_typo_font_subset":"","ocean_menu_typo_font_size":0,"ocean_menu_typo_font_size_tablet":0,"ocean_menu_typo_font_size_mobile":0,"ocean_menu_typo_font_size_unit":"px","ocean_menu_typo_font_weight":"","ocean_menu_typo_font_weight_tablet":"","ocean_menu_typo_font_weight_mobile":"","ocean_menu_typo_transform":"","ocean_menu_typo_transform_tablet":"","ocean_menu_typo_transform_mobile":"","ocean_menu_typo_line_height":0,"ocean_menu_typo_line_height_tablet":0,"ocean_menu_typo_line_height_mobile":0,"ocean_menu_typo_line_height_unit":"","ocean_menu_typo_spacing":0,"ocean_menu_typo_spacing_tablet":0,"ocean_menu_typo_spacing_mobile":0,"ocean_menu_typo_spacing_unit":"","ocean_menu_link_color":"","ocean_menu_link_color_hover":"","ocean_menu_link_color_active":"","ocean_menu_link_background":"","ocean_menu_link_hover_background":"","ocean_menu_link_active_background":"","ocean_menu_social_links_bg":"","ocean_menu_social_hover_links_bg":"","ocean_menu_social_links_color":"","ocean_menu_social_hover_links_color":"","ocean_disable_title":"on","ocean_disable_heading":"default","ocean_post_title":"","ocean_post_subheading":"","ocean_post_title_style":"","ocean_post_title_background_color":"","ocean_post_title_background":0,"ocean_post_title_bg_image_position":"","ocean_post_title_bg_image_attachment":"","ocean_post_title_bg_image_repeat":"","ocean_post_title_bg_image_size":"","ocean_post_title_height":0,"ocean_post_title_bg_overlay":0.5,"ocean_post_title_bg_overlay_color":"","ocean_disable_breadcrumbs":"default","ocean_breadcrumbs_color":"","ocean_breadcrumbs_separator_color":"","ocean_breadcrumbs_links_color":"","ocean_breadcrumbs_links_hover_color":"","ocean_display_footer_widgets":"off","ocean_display_footer_bottom":"off","ocean_custom_footer_template":"0","footnotes":""},"class_list":["post-17","page","type-page","status-publish","hentry","entry"],"_links":{"self":[{"href":"https:\/\/hotel-birkenhof-hameln.de\/index.php?rest_route=\/wp\/v2\/pages\/17","targetHints":{"allow":["GET"]}}],"collection":[{"href":"https:\/\/hotel-birkenhof-hameln.de\/index.php?rest_route=\/wp\/v2\/pages"}],"about":[{"href":"https:\/\/hotel-birkenhof-hameln.de\/index.php?rest_route=\/wp\/v2\/types\/page"}],"author":[{"embeddable":true,"href":"https:\/\/hotel-birkenhof-hameln.de\/index.php?rest_route=\/wp\/v2\/users\/4"}],"replies":[{"embeddable":true,"href":"https:\/\/hotel-birkenhof-hameln.de\/index.php?rest_route=%2Fwp%2Fv2%2Fcomments&post=17"}],"version-history":[{"count":98,"href":"https:\/\/hotel-birkenhof-hameln.de\/index.php?rest_route=\/wp\/v2\/pages\/17\/revisions"}],"predecessor-version":[{"id":1225,"href":"https:\/\/hotel-birkenhof-hameln.de\/index.php?rest_route=\/wp\/v2\/pages\/17\/revisions\/1225"}],"wp:attachment":[{"href":"https:\/\/hotel-birkenhof-hameln.de\/index.php?rest_route=%2Fwp%2Fv2%2Fmedia&parent=17"}],"curies":[{"name":"wp","href":"https:\/\/api.w.org\/{rel}","templated":true}]}}