{"id":11,"date":"2019-10-25T18:19:45","date_gmt":"2019-10-25T18:19:45","guid":{"rendered":"http:\/\/hotel-birkenhof-hameln.com\/?page_id=11"},"modified":"2023-05-11T13:50:19","modified_gmt":"2023-05-11T13:50:19","slug":"ueber-uns","status":"publish","type":"page","link":"https:\/\/hotel-birkenhof-hameln.de\/?page_id=11","title":{"rendered":"\u00dcber uns"},"content":{"rendered":"\t\t<div data-elementor-type=\"wp-page\" data-elementor-id=\"11\" class=\"elementor elementor-11\">\n\t\t\t\t\t\t<section class=\"elementor-section elementor-top-section elementor-element elementor-element-24892fc elementor-section-boxed elementor-section-height-default elementor-section-height-default\" data-id=\"24892fc\" data-element_type=\"section\" data-e-type=\"section\">\n\t\t\t\t\t\t<div class=\"elementor-container elementor-column-gap-default\">\n\t\t\t\t\t<div class=\"elementor-column elementor-col-50 elementor-top-column elementor-element elementor-element-15b11ef\" data-id=\"15b11ef\" data-element_type=\"column\" data-e-type=\"column\">\n\t\t\t<div class=\"elementor-widget-wrap elementor-element-populated\">\n\t\t\t\t\t\t<div class=\"elementor-element elementor-element-a8f0f93 elementor-widget elementor-widget-text-editor\" data-id=\"a8f0f93\" data-element_type=\"widget\" data-e-type=\"widget\" data-widget_type=\"text-editor.default\">\n\t\t\t\t<div class=\"elementor-widget-container\">\n\t\t\t\t\t\t\t\t\t<p>\u00a0<\/p><p style=\"text-align: left;\">Unser Hotel Birkenhof liegt in unmittelbarer N\u00e4he des<br \/>historischen Stadtkerns, den sie in ca. 4 Minuten zu Fu\u00df erreichen. Alle Sehensw\u00fcrdigkeiten sind in unmittelbarer N\u00e4he. Fahrradfahrer k\u00f6nnen auf dem Fernradweg entlang der Weser das landschaftlich sch\u00f6ne Weserbergland erradeln.<\/p>\t\t\t\t\t\t\t\t<\/div>\n\t\t\t\t<\/div>\n\t\t\t\t\t<\/div>\n\t\t<\/div>\n\t\t\t\t<div class=\"elementor-column elementor-col-50 elementor-top-column elementor-element elementor-element-27fc853\" data-id=\"27fc853\" data-element_type=\"column\" data-e-type=\"column\">\n\t\t\t<div class=\"elementor-widget-wrap elementor-element-populated\">\n\t\t\t\t\t\t<div class=\"elementor-element elementor-element-4e6c658 elementor-widget elementor-widget-image\" data-id=\"4e6c658\" data-element_type=\"widget\" data-e-type=\"widget\" data-widget_type=\"image.default\">\n\t\t\t\t<div class=\"elementor-widget-container\">\n\t\t\t\t\t\t\t\t\t\t\t\t\t\t\t<img fetchpriority=\"high\" decoding=\"async\" width=\"452\" height=\"438\" src=\"https:\/\/hotel-birkenhof-hameln.de\/wp-content\/uploads\/2019\/10\/hotel.jpg\" class=\"attachment-large size-large wp-image-78\" alt=\"\" srcset=\"https:\/\/hotel-birkenhof-hameln.de\/wp-content\/uploads\/2019\/10\/hotel.jpg 452w, https:\/\/hotel-birkenhof-hameln.de\/wp-content\/uploads\/2019\/10\/hotel-300x291.jpg 300w\" sizes=\"(max-width: 452px) 100vw, 452px\" \/>\t\t\t\t\t\t\t\t\t\t\t\t\t\t\t<\/div>\n\t\t\t\t<\/div>\n\t\t\t\t\t<\/div>\n\t\t<\/div>\n\t\t\t\t\t<\/div>\n\t\t<\/section>\n\t\t\t\t<section class=\"elementor-section elementor-top-section elementor-element elementor-element-b2cc869 elementor-section-boxed elementor-section-height-default elementor-section-height-default\" data-id=\"b2cc869\" data-element_type=\"section\" data-e-type=\"section\">\n\t\t\t\t\t\t<div class=\"elementor-container elementor-column-gap-default\">\n\t\t\t\t\t<div class=\"elementor-column elementor-col-100 elementor-top-column elementor-element elementor-element-d2cfcf3\" data-id=\"d2cfcf3\" data-element_type=\"column\" data-e-type=\"column\">\n\t\t\t<div class=\"elementor-widget-wrap\">\n\t\t\t\t\t\t\t<\/div>\n\t\t<\/div>\n\t\t\t\t\t<\/div>\n\t\t<\/section>\n\t\t\t\t<section class=\"elementor-section elementor-top-section elementor-element elementor-element-48882ab elementor-section-boxed elementor-section-height-default elementor-section-height-default\" data-id=\"48882ab\" data-element_type=\"section\" data-e-type=\"section\">\n\t\t\t\t\t\t<div class=\"elementor-container elementor-column-gap-default\">\n\t\t\t\t\t<div class=\"elementor-column elementor-col-50 elementor-top-column elementor-element elementor-element-7b2dea6\" data-id=\"7b2dea6\" data-element_type=\"column\" data-e-type=\"column\">\n\t\t\t<div class=\"elementor-widget-wrap elementor-element-populated\">\n\t\t\t\t\t\t<div class=\"elementor-element elementor-element-98317d5 elementor-widget elementor-widget-image\" data-id=\"98317d5\" data-element_type=\"widget\" data-e-type=\"widget\" data-widget_type=\"image.default\">\n\t\t\t\t<div class=\"elementor-widget-container\">\n\t\t\t\t\t\t\t\t\t\t\t\t\t\t\t<img decoding=\"async\" width=\"1024\" height=\"575\" src=\"https:\/\/hotel-birkenhof-hameln.de\/wp-content\/uploads\/2019\/10\/8349f25b-aad9-3026-a868-ffe911db5952-1024x575.jpg\" class=\"attachment-large size-large wp-image-610\" alt=\"\" srcset=\"https:\/\/hotel-birkenhof-hameln.de\/wp-content\/uploads\/2019\/10\/8349f25b-aad9-3026-a868-ffe911db5952-1024x575.jpg 1024w, https:\/\/hotel-birkenhof-hameln.de\/wp-content\/uploads\/2019\/10\/8349f25b-aad9-3026-a868-ffe911db5952-300x168.jpg 300w, https:\/\/hotel-birkenhof-hameln.de\/wp-content\/uploads\/2019\/10\/8349f25b-aad9-3026-a868-ffe911db5952-768x431.jpg 768w, https:\/\/hotel-birkenhof-hameln.de\/wp-content\/uploads\/2019\/10\/8349f25b-aad9-3026-a868-ffe911db5952-24x13.jpg 24w, https:\/\/hotel-birkenhof-hameln.de\/wp-content\/uploads\/2019\/10\/8349f25b-aad9-3026-a868-ffe911db5952-36x20.jpg 36w, https:\/\/hotel-birkenhof-hameln.de\/wp-content\/uploads\/2019\/10\/8349f25b-aad9-3026-a868-ffe911db5952-48x27.jpg 48w, https:\/\/hotel-birkenhof-hameln.de\/wp-content\/uploads\/2019\/10\/8349f25b-aad9-3026-a868-ffe911db5952.jpg 1920w\" sizes=\"(max-width: 1024px) 100vw, 1024px\" \/>\t\t\t\t\t\t\t\t\t\t\t\t\t\t\t<\/div>\n\t\t\t\t<\/div>\n\t\t\t\t\t<\/div>\n\t\t<\/div>\n\t\t\t\t<div class=\"elementor-column elementor-col-50 elementor-top-column elementor-element elementor-element-76c2372\" data-id=\"76c2372\" data-element_type=\"column\" data-e-type=\"column\">\n\t\t\t<div class=\"elementor-widget-wrap elementor-element-populated\">\n\t\t\t\t\t\t<div class=\"elementor-element elementor-element-fd4b882 elementor-widget elementor-widget-text-editor\" data-id=\"fd4b882\" data-element_type=\"widget\" data-e-type=\"widget\" data-widget_type=\"text-editor.default\">\n\t\t\t\t<div class=\"elementor-widget-container\">\n\t\t\t\t\t\t\t\t\t<p>\u00a0<\/p><p><span style=\"font-size: 19px;\">Mitten im Stadtzentrum, ruhig und romantisch an dem Fl\u00fcsschen Hamel gelegen, liegt unser kleines, aber feines Hotel. Idealer Ausgangspunkt f\u00fcr Entdeckungen der Stadt, da sich alle Sehensw\u00fcrdigkeiten, wie auch der Weserradweg in direkter N\u00e4he befinden.<\/span><\/p>\t\t\t\t\t\t\t\t<\/div>\n\t\t\t\t<\/div>\n\t\t\t\t\t<\/div>\n\t\t<\/div>\n\t\t\t\t\t<\/div>\n\t\t<\/section>\n\t\t\t\t<section class=\"elementor-section elementor-top-section elementor-element elementor-element-c032e8b elementor-section-boxed elementor-section-height-default elementor-section-height-default\" data-id=\"c032e8b\" data-element_type=\"section\" data-e-type=\"section\">\n\t\t\t\t\t\t\t<div class=\"elementor-background-overlay\"><\/div>\n\t\t\t\t\t\t\t<div class=\"elementor-container elementor-column-gap-default\">\n\t\t\t\t\t<div class=\"elementor-column elementor-col-100 elementor-top-column elementor-element elementor-element-657db1c\" data-id=\"657db1c\" data-element_type=\"column\" data-e-type=\"column\">\n\t\t\t<div class=\"elementor-widget-wrap elementor-element-populated\">\n\t\t\t\t\t\t<div class=\"elementor-element elementor-element-feba653 elementor-widget elementor-widget-spacer\" data-id=\"feba653\" data-element_type=\"widget\" data-e-type=\"widget\" data-widget_type=\"spacer.default\">\n\t\t\t\t<div class=\"elementor-widget-container\">\n\t\t\t\t\t\t\t<div class=\"elementor-spacer\">\n\t\t\t<div class=\"elementor-spacer-inner\"><\/div>\n\t\t<\/div>\n\t\t\t\t\t\t<\/div>\n\t\t\t\t<\/div>\n\t\t\t\t\t<\/div>\n\t\t<\/div>\n\t\t\t\t\t<\/div>\n\t\t<\/section>\n\t\t\t\t<section class=\"elementor-section elementor-top-section elementor-element elementor-element-f399394 elementor-section-boxed elementor-section-height-default elementor-section-height-default\" data-id=\"f399394\" data-element_type=\"section\" data-e-type=\"section\">\n\t\t\t\t\t\t<div class=\"elementor-container elementor-column-gap-default\">\n\t\t\t\t\t<div class=\"elementor-column elementor-col-100 elementor-top-column elementor-element elementor-element-537a4fe\" data-id=\"537a4fe\" data-element_type=\"column\" data-e-type=\"column\">\n\t\t\t<div class=\"elementor-widget-wrap elementor-element-populated\">\n\t\t\t\t\t\t<div class=\"elementor-element elementor-element-0a73055 elementor-widget elementor-widget-text-editor\" data-id=\"0a73055\" data-element_type=\"widget\" data-e-type=\"widget\" data-widget_type=\"text-editor.default\">\n\t\t\t\t<div class=\"elementor-widget-container\">\n\t\t\t\t\t\t\t\t\t<p style=\"text-align: center;\">Wir bieten Ihnen ein exklusives reichhaltiges Fr\u00fchst\u00fccksbuffet, mit hausgemachten K\u00f6stlichkeiten.\u00a0<\/p><p style=\"text-align: center;\"><span style=\"font-size: 19px;\">Inividuelle Fr\u00fchst\u00fcckszeiten m\u00f6glich.<\/span><\/p><p style=\"text-align: left;\">\u00a0<\/p>\t\t\t\t\t\t\t\t<\/div>\n\t\t\t\t<\/div>\n\t\t\t\t\t<\/div>\n\t\t<\/div>\n\t\t\t\t\t<\/div>\n\t\t<\/section>\n\t\t\t\t<section class=\"elementor-section elementor-top-section elementor-element elementor-element-ee4adf4 elementor-section-boxed elementor-section-height-default elementor-section-height-default\" data-id=\"ee4adf4\" data-element_type=\"section\" data-e-type=\"section\">\n\t\t\t\t\t\t<div class=\"elementor-container elementor-column-gap-default\">\n\t\t\t\t\t<div class=\"elementor-column elementor-col-33 elementor-top-column elementor-element elementor-element-afa59c7\" data-id=\"afa59c7\" data-element_type=\"column\" data-e-type=\"column\">\n\t\t\t<div class=\"elementor-widget-wrap elementor-element-populated\">\n\t\t\t\t\t\t<div class=\"elementor-element elementor-element-2ffc6ad elementor-widget elementor-widget-image\" data-id=\"2ffc6ad\" data-element_type=\"widget\" data-e-type=\"widget\" data-widget_type=\"image.default\">\n\t\t\t\t<div class=\"elementor-widget-container\">\n\t\t\t\t\t\t\t\t\t\t\t\t\t\t\t<img decoding=\"async\" width=\"1024\" height=\"768\" src=\"https:\/\/hotel-birkenhof-hameln.de\/wp-content\/uploads\/2019\/10\/Hotel-Birkenhof-007-1024x768.jpg\" class=\"attachment-large size-large wp-image-90\" alt=\"\" srcset=\"https:\/\/hotel-birkenhof-hameln.de\/wp-content\/uploads\/2019\/10\/Hotel-Birkenhof-007-1024x768.jpg 1024w, https:\/\/hotel-birkenhof-hameln.de\/wp-content\/uploads\/2019\/10\/Hotel-Birkenhof-007-300x225.jpg 300w, https:\/\/hotel-birkenhof-hameln.de\/wp-content\/uploads\/2019\/10\/Hotel-Birkenhof-007-768x576.jpg 768w\" sizes=\"(max-width: 1024px) 100vw, 1024px\" \/>\t\t\t\t\t\t\t\t\t\t\t\t\t\t\t<\/div>\n\t\t\t\t<\/div>\n\t\t\t\t\t<\/div>\n\t\t<\/div>\n\t\t\t\t<div class=\"elementor-column elementor-col-33 elementor-top-column elementor-element elementor-element-f4a6b2e\" data-id=\"f4a6b2e\" data-element_type=\"column\" data-e-type=\"column\">\n\t\t\t<div class=\"elementor-widget-wrap elementor-element-populated\">\n\t\t\t\t\t\t<div class=\"elementor-element elementor-element-3e2a07c elementor-widget elementor-widget-image\" data-id=\"3e2a07c\" data-element_type=\"widget\" data-e-type=\"widget\" data-widget_type=\"image.default\">\n\t\t\t\t<div class=\"elementor-widget-container\">\n\t\t\t\t\t\t\t\t\t\t\t\t\t\t\t<img loading=\"lazy\" decoding=\"async\" width=\"1024\" height=\"768\" src=\"https:\/\/hotel-birkenhof-hameln.de\/wp-content\/uploads\/2019\/10\/Hotel-Birkenhof-066-1-1024x768.jpg\" class=\"attachment-large size-large wp-image-620\" alt=\"\" srcset=\"https:\/\/hotel-birkenhof-hameln.de\/wp-content\/uploads\/2019\/10\/Hotel-Birkenhof-066-1-1024x768.jpg 1024w, https:\/\/hotel-birkenhof-hameln.de\/wp-content\/uploads\/2019\/10\/Hotel-Birkenhof-066-1-300x225.jpg 300w, https:\/\/hotel-birkenhof-hameln.de\/wp-content\/uploads\/2019\/10\/Hotel-Birkenhof-066-1-768x576.jpg 768w, https:\/\/hotel-birkenhof-hameln.de\/wp-content\/uploads\/2019\/10\/Hotel-Birkenhof-066-1-24x18.jpg 24w, https:\/\/hotel-birkenhof-hameln.de\/wp-content\/uploads\/2019\/10\/Hotel-Birkenhof-066-1-36x27.jpg 36w, https:\/\/hotel-birkenhof-hameln.de\/wp-content\/uploads\/2019\/10\/Hotel-Birkenhof-066-1-48x36.jpg 48w\" sizes=\"(max-width: 1024px) 100vw, 1024px\" \/>\t\t\t\t\t\t\t\t\t\t\t\t\t\t\t<\/div>\n\t\t\t\t<\/div>\n\t\t\t\t\t<\/div>\n\t\t<\/div>\n\t\t\t\t<div class=\"elementor-column elementor-col-33 elementor-top-column elementor-element elementor-element-db97bc2\" data-id=\"db97bc2\" data-element_type=\"column\" data-e-type=\"column\">\n\t\t\t<div class=\"elementor-widget-wrap elementor-element-populated\">\n\t\t\t\t\t\t<div class=\"elementor-element elementor-element-aeef209 elementor-widget elementor-widget-image\" data-id=\"aeef209\" data-element_type=\"widget\" data-e-type=\"widget\" data-widget_type=\"image.default\">\n\t\t\t\t<div class=\"elementor-widget-container\">\n\t\t\t\t\t\t\t\t\t\t\t\t\t\t\t<img loading=\"lazy\" decoding=\"async\" width=\"1024\" height=\"768\" src=\"https:\/\/hotel-birkenhof-hameln.de\/wp-content\/uploads\/2019\/10\/Hotel-Birkenhof-017-1-1024x768.jpg\" class=\"attachment-large size-large wp-image-619\" alt=\"\" srcset=\"https:\/\/hotel-birkenhof-hameln.de\/wp-content\/uploads\/2019\/10\/Hotel-Birkenhof-017-1-1024x768.jpg 1024w, https:\/\/hotel-birkenhof-hameln.de\/wp-content\/uploads\/2019\/10\/Hotel-Birkenhof-017-1-300x225.jpg 300w, https:\/\/hotel-birkenhof-hameln.de\/wp-content\/uploads\/2019\/10\/Hotel-Birkenhof-017-1-768x576.jpg 768w, https:\/\/hotel-birkenhof-hameln.de\/wp-content\/uploads\/2019\/10\/Hotel-Birkenhof-017-1-24x18.jpg 24w, https:\/\/hotel-birkenhof-hameln.de\/wp-content\/uploads\/2019\/10\/Hotel-Birkenhof-017-1-36x27.jpg 36w, https:\/\/hotel-birkenhof-hameln.de\/wp-content\/uploads\/2019\/10\/Hotel-Birkenhof-017-1-48x36.jpg 48w\" sizes=\"(max-width: 1024px) 100vw, 1024px\" \/>\t\t\t\t\t\t\t\t\t\t\t\t\t\t\t<\/div>\n\t\t\t\t<\/div>\n\t\t\t\t\t<\/div>\n\t\t<\/div>\n\t\t\t\t\t<\/div>\n\t\t<\/section>\n\t\t\t\t<section class=\"elementor-section elementor-top-section elementor-element elementor-element-7500fc9 elementor-section-boxed elementor-section-height-default elementor-section-height-default\" data-id=\"7500fc9\" data-element_type=\"section\" data-e-type=\"section\">\n\t\t\t\t\t\t<div class=\"elementor-container elementor-column-gap-default\">\n\t\t\t\t\t<div class=\"elementor-column elementor-col-100 elementor-top-column elementor-element elementor-element-c448b17\" data-id=\"c448b17\" data-element_type=\"column\" data-e-type=\"column\">\n\t\t\t<div class=\"elementor-widget-wrap elementor-element-populated\">\n\t\t\t\t\t\t<div class=\"elementor-element elementor-element-70284d8 elementor-widget elementor-widget-text-editor\" data-id=\"70284d8\" data-element_type=\"widget\" data-e-type=\"widget\" data-widget_type=\"text-editor.default\">\n\t\t\t\t<div class=\"elementor-widget-container\">\n\t\t\t\t\t\t\t\t\t<p>\u00a0<\/p><ul><li>Kostenfreie Parkpl\u00e4tze direkt am Hotel<\/li><li>Kostenfreies WLAN<\/li><li>Haustiere auf Anfrage<\/li><\/ul>\t\t\t\t\t\t\t\t<\/div>\n\t\t\t\t<\/div>\n\t\t\t\t\t<\/div>\n\t\t<\/div>\n\t\t\t\t\t<\/div>\n\t\t<\/section>\n\t\t\t\t<section class=\"elementor-section elementor-top-section elementor-element elementor-element-ddca210 elementor-section-boxed elementor-section-height-default elementor-section-height-default\" data-id=\"ddca210\" data-element_type=\"section\" data-e-type=\"section\">\n\t\t\t\t\t\t<div class=\"elementor-container elementor-column-gap-default\">\n\t\t\t\t\t<div class=\"elementor-column elementor-col-100 elementor-top-column elementor-element elementor-element-14a14b1\" data-id=\"14a14b1\" data-element_type=\"column\" data-e-type=\"column\">\n\t\t\t<div class=\"elementor-widget-wrap elementor-element-populated\">\n\t\t\t\t\t\t<div class=\"elementor-element elementor-element-cb3000a elementor-widget elementor-widget-text-editor\" data-id=\"cb3000a\" data-element_type=\"widget\" data-e-type=\"widget\" data-widget_type=\"text-editor.default\">\n\t\t\t\t<div class=\"elementor-widget-container\">\n\t\t\t\t\t\t\t\t\t<p style=\"text-align: center;\"><img loading=\"lazy\" decoding=\"async\" class=\"size-medium wp-image-272 aligncenter\" src=\"http:\/\/hotel-birkenhof-hameln.com\/wp-content\/uploads\/2019\/10\/e-bike-4259439_1280-298x300.png\" alt=\"\" width=\"298\" height=\"300\" srcset=\"https:\/\/hotel-birkenhof-hameln.de\/wp-content\/uploads\/2019\/10\/e-bike-4259439_1280-298x300.png 298w, https:\/\/hotel-birkenhof-hameln.de\/wp-content\/uploads\/2019\/10\/e-bike-4259439_1280-150x150.png 150w, https:\/\/hotel-birkenhof-hameln.de\/wp-content\/uploads\/2019\/10\/e-bike-4259439_1280-768x772.png 768w, https:\/\/hotel-birkenhof-hameln.de\/wp-content\/uploads\/2019\/10\/e-bike-4259439_1280-1018x1024.png 1018w, https:\/\/hotel-birkenhof-hameln.de\/wp-content\/uploads\/2019\/10\/e-bike-4259439_1280.png 1273w\" sizes=\"(max-width: 298px) 100vw, 298px\" \/>Es besteht die M\u00f6glichkeit, Zweir\u00e4der in einem trockenen und verschlossenen Bereich abzustellen.&nbsp; <br><\/p>\t\t\t\t\t\t\t\t<\/div>\n\t\t\t\t<\/div>\n\t\t\t\t\t<\/div>\n\t\t<\/div>\n\t\t\t\t\t<\/div>\n\t\t<\/section>\n\t\t\t\t<\/div>\n\t\t","protected":false},"excerpt":{"rendered":"<p>\u00a0 Unser Hotel Birkenhof liegt in unmittelbarer N\u00e4he deshistorischen Stadtkerns, den sie in ca. 4 Minuten zu Fu\u00df erreichen. Alle Sehensw\u00fcrdigkeiten sind in unmittelbarer N\u00e4he. Fahrradfahrer k\u00f6nnen auf dem Fernradweg entlang der Weser das landschaftlich sch\u00f6ne Weserbergland erradeln. \u00a0 Mitten im Stadtzentrum, ruhig und romantisch an dem Fl\u00fcsschen Hamel gelegen, liegt unser kleines, aber feines [&hellip;]<\/p>\n","protected":false},"author":3,"featured_media":0,"parent":0,"menu_order":0,"comment_status":"closed","ping_status":"closed","template":"","meta":{"_monsterinsights_skip_tracking":false,"_monsterinsights_sitenote_active":false,"_monsterinsights_sitenote_note":"","_monsterinsights_sitenote_category":0,"ocean_post_layout":"full-screen","ocean_both_sidebars_style":"","ocean_both_sidebars_content_width":0,"ocean_both_sidebars_sidebars_width":0,"ocean_sidebar":"0","ocean_second_sidebar":"0","ocean_disable_margins":"enable","ocean_add_body_class":"","ocean_shortcode_before_top_bar":"","ocean_shortcode_after_top_bar":"","ocean_shortcode_before_header":"","ocean_shortcode_after_header":"","ocean_has_shortcode":"","ocean_shortcode_after_title":"","ocean_shortcode_before_footer_widgets":"","ocean_shortcode_after_footer_widgets":"","ocean_shortcode_before_footer_bottom":"","ocean_shortcode_after_footer_bottom":"","ocean_display_top_bar":"on","ocean_display_header":"off","ocean_header_style":"","ocean_center_header_left_menu":"0","ocean_custom_header_template":"0","ocean_custom_logo":0,"ocean_custom_retina_logo":0,"ocean_custom_logo_max_width":0,"ocean_custom_logo_tablet_max_width":0,"ocean_custom_logo_mobile_max_width":0,"ocean_custom_logo_max_height":0,"ocean_custom_logo_tablet_max_height":0,"ocean_custom_logo_mobile_max_height":0,"ocean_header_custom_menu":"0","ocean_menu_typo_font_family":"0","ocean_menu_typo_font_subset":"","ocean_menu_typo_font_size":0,"ocean_menu_typo_font_size_tablet":0,"ocean_menu_typo_font_size_mobile":0,"ocean_menu_typo_font_size_unit":"px","ocean_menu_typo_font_weight":"","ocean_menu_typo_font_weight_tablet":"","ocean_menu_typo_font_weight_mobile":"","ocean_menu_typo_transform":"","ocean_menu_typo_transform_tablet":"","ocean_menu_typo_transform_mobile":"","ocean_menu_typo_line_height":0,"ocean_menu_typo_line_height_tablet":0,"ocean_menu_typo_line_height_mobile":0,"ocean_menu_typo_line_height_unit":"","ocean_menu_typo_spacing":0,"ocean_menu_typo_spacing_tablet":0,"ocean_menu_typo_spacing_mobile":0,"ocean_menu_typo_spacing_unit":"","ocean_menu_link_color":"","ocean_menu_link_color_hover":"","ocean_menu_link_color_active":"","ocean_menu_link_background":"","ocean_menu_link_hover_background":"","ocean_menu_link_active_background":"","ocean_menu_social_links_bg":"","ocean_menu_social_hover_links_bg":"","ocean_menu_social_links_color":"","ocean_menu_social_hover_links_color":"","ocean_disable_title":"on","ocean_disable_heading":"default","ocean_post_title":"","ocean_post_subheading":"","ocean_post_title_style":"","ocean_post_title_background_color":"","ocean_post_title_background":0,"ocean_post_title_bg_image_position":"","ocean_post_title_bg_image_attachment":"","ocean_post_title_bg_image_repeat":"","ocean_post_title_bg_image_size":"","ocean_post_title_height":0,"ocean_post_title_bg_overlay":0.5,"ocean_post_title_bg_overlay_color":"","ocean_disable_breadcrumbs":"default","ocean_breadcrumbs_color":"","ocean_breadcrumbs_separator_color":"","ocean_breadcrumbs_links_color":"","ocean_breadcrumbs_links_hover_color":"","ocean_display_footer_widgets":"off","ocean_display_footer_bottom":"off","ocean_custom_footer_template":"0","footnotes":""},"class_list":["post-11","page","type-page","status-publish","hentry","entry"],"_links":{"self":[{"href":"https:\/\/hotel-birkenhof-hameln.de\/index.php?rest_route=\/wp\/v2\/pages\/11","targetHints":{"allow":["GET"]}}],"collection":[{"href":"https:\/\/hotel-birkenhof-hameln.de\/index.php?rest_route=\/wp\/v2\/pages"}],"about":[{"href":"https:\/\/hotel-birkenhof-hameln.de\/index.php?rest_route=\/wp\/v2\/types\/page"}],"author":[{"embeddable":true,"href":"https:\/\/hotel-birkenhof-hameln.de\/index.php?rest_route=\/wp\/v2\/users\/3"}],"replies":[{"embeddable":true,"href":"https:\/\/hotel-birkenhof-hameln.de\/index.php?rest_route=%2Fwp%2Fv2%2Fcomments&post=11"}],"version-history":[{"count":119,"href":"https:\/\/hotel-birkenhof-hameln.de\/index.php?rest_route=\/wp\/v2\/pages\/11\/revisions"}],"predecessor-version":[{"id":1196,"href":"https:\/\/hotel-birkenhof-hameln.de\/index.php?rest_route=\/wp\/v2\/pages\/11\/revisions\/1196"}],"wp:attachment":[{"href":"https:\/\/hotel-birkenhof-hameln.de\/index.php?rest_route=%2Fwp%2Fv2%2Fmedia&parent=11"}],"curies":[{"name":"wp","href":"https:\/\/api.w.org\/{rel}","templated":true}]}}